{"id":22149,"date":"2025-04-28T11:14:11","date_gmt":"2025-04-28T11:14:11","guid":{"rendered":"http:\/\/www.nelijarve.ee\/partners\/"},"modified":"2025-10-09T13:14:57","modified_gmt":"2025-10-09T13:14:57","slug":"partners","status":"publish","type":"page","link":"https:\/\/www.nelijarve.ee\/en\/about-us\/partners\/","title":{"rendered":"Partners"},"content":{"rendered":"\t\t<div data-elementor-type=\"wp-page\" data-elementor-id=\"22149\" class=\"elementor elementor-22149 elementor-17291\" data-elementor-post-type=\"page\">\n\t\t\t\t        <section class=\"elementor-section elementor-top-section elementor-element elementor-element-1037dffa elementor-section-boxed elementor-section-height-default elementor-section-height-default pxl-section-static-pos-no pxl-section-overflow-hidden-no pxl-container-margin-auto-no\" data-id=\"1037dffa\" data-element_type=\"section\" data-e-type=\"section\">\n\n                \n                <div class=\"elementor-container elementor-column-gap-default \">\n                <div class=\"elementor-column elementor-col-100 elementor-top-column elementor-element elementor-element-14f8c4e2 col-offset-none pxl-column-element-default pxl-column-overflow-hidden-no\" data-id=\"14f8c4e2\" data-element_type=\"column\" data-e-type=\"column\">\r\n        <div class=\"elementor-widget-wrap elementor-element-populated\">\r\n                    \t\t<div class=\"elementor-element elementor-element-4347b5f6 elementor-widget elementor-widget-pxl_heading\" data-id=\"4347b5f6\" data-element_type=\"widget\" data-e-type=\"widget\" data-settings=\"{&quot;title_custom_effect&quot;:&quot;none&quot;}\" data-widget_type=\"pxl_heading.default\">\n\t\t\t\t<div class=\"elementor-widget-container\">\n\t\t\t\t\t<div class=\"pxl-heading-wrap d-flex\">\n    <div class=\"pxl-heading-inner center \">\n                    <div class=\"heading-subtitle divider-both\">\n                <div class=\"subtitle-text \">Partners<\/div>\n            <\/div>\n                <h2 class=\"heading-title pxl-split-text split-in-scale\">\n                                    Nelij\u00e4rve has four lakes, four seasons<br \/>\n and more than four partners                     <\/h2>\n            <\/div>\n<\/div>\n\n\t\t\t\t<\/div>\n\t\t\t\t<\/div>\n\t\t                    <\/div>\r\n        <\/div>\r\n        \t\t\t<\/div>\n\t\t<\/section>\n\t\t<div class=\"elementor-element elementor-element-27812e4 e-grid e-con-boxed e-con e-parent\" data-id=\"27812e4\" data-element_type=\"container\" data-e-type=\"container\">\n\t\t\t\t\t\t\t<div class=\"e-con-inner\">\n\t\t\t\t<div class=\"elementor-element elementor-element-d03a38c elementor-widget elementor-widget-pxl_image\" data-id=\"d03a38c\" data-element_type=\"widget\" data-e-type=\"widget\" data-widget_type=\"pxl_image.default\">\n\t\t\t\t<div class=\"elementor-widget-container\">\n\t\t\t\t\t<div id=\"pxl_image-d03a38c-1055\" class=\"pxl-image-wg default\">\r\n\t<a href=\"https:\/\/aegviidu.ee\/\">\t\t<img decoding=\"async\" width=\"200\" height=\"75\" src=\"https:\/\/www.nelijarve.ee\/wp-content\/uploads\/2025\/04\/Aegviidu.avif\" class=\"attachment-thumbnail size-thumbnail wp-image-17310\" alt=\"aegviidu logo\" \/>\t\t\t<\/a><\/div>\r\n\t\t\t\t<\/div>\n\t\t\t\t<\/div>\n\t\t\t\t<div class=\"elementor-element elementor-element-dafd23b elementor-widget elementor-widget-pxl_image\" data-id=\"dafd23b\" data-element_type=\"widget\" data-e-type=\"widget\" data-widget_type=\"pxl_image.default\">\n\t\t\t\t<div class=\"elementor-widget-container\">\n\t\t\t\t\t<div id=\"pxl_image-dafd23b-6971\" class=\"pxl-image-wg default\">\r\n\t<a href=\"https:\/\/booking.com\/\">\t\t<img decoding=\"async\" width=\"200\" height=\"75\" src=\"https:\/\/www.nelijarve.ee\/wp-content\/uploads\/2025\/04\/booking.avif\" class=\"attachment-thumbnail size-thumbnail wp-image-17309\" alt=\"booking.com logo\" \/>\t\t\t<\/a><\/div>\r\n\t\t\t\t<\/div>\n\t\t\t\t<\/div>\n\t\t\t\t<div class=\"elementor-element elementor-element-87220e0 elementor-widget elementor-widget-pxl_image\" data-id=\"87220e0\" data-element_type=\"widget\" data-e-type=\"widget\" data-widget_type=\"pxl_image.default\">\n\t\t\t\t<div class=\"elementor-widget-container\">\n\t\t\t\t\t<div id=\"pxl_image-87220e0-8680\" class=\"pxl-image-wg default\">\r\n\t<a href=\"https:\/\/puhkaeestis.ee\/et\">\t\t<img decoding=\"async\" width=\"200\" height=\"75\" src=\"https:\/\/www.nelijarve.ee\/wp-content\/uploads\/2025\/04\/puhkaeestis.avif\" class=\"attachment-thumbnail size-thumbnail wp-image-17308\" alt=\"puhkaeestis.ee logo\" \/>\t\t\t<\/a><\/div>\r\n\t\t\t\t<\/div>\n\t\t\t\t<\/div>\n\t\t\t\t<div class=\"elementor-element elementor-element-6426676 elementor-widget elementor-widget-pxl_image\" data-id=\"6426676\" data-element_type=\"widget\" data-e-type=\"widget\" data-widget_type=\"pxl_image.default\">\n\t\t\t\t<div class=\"elementor-widget-container\">\n\t\t\t\t\t<div id=\"pxl_image-6426676-9120\" class=\"pxl-image-wg default\">\r\n\t<a href=\"https:\/\/sportlandkorvemaa.ee\/\">\t\t<img loading=\"lazy\" decoding=\"async\" width=\"200\" height=\"75\" src=\"https:\/\/www.nelijarve.ee\/wp-content\/uploads\/2025\/04\/korvemaa.avif\" class=\"attachment-thumbnail size-thumbnail wp-image-17307\" alt=\"k\u00f5rvemaa logo\" \/>\t\t\t<\/a><\/div>\r\n\t\t\t\t<\/div>\n\t\t\t\t<\/div>\n\t\t\t\t<div class=\"elementor-element elementor-element-bbab146 elementor-widget elementor-widget-pxl_image\" data-id=\"bbab146\" data-element_type=\"widget\" data-e-type=\"widget\" data-widget_type=\"pxl_image.default\">\n\t\t\t\t<div class=\"elementor-widget-container\">\n\t\t\t\t\t<div id=\"pxl_image-bbab146-7337\" class=\"pxl-image-wg default\">\r\n\t<a href=\"https:\/\/sites.google.com\/view\/presidendirada\">\t\t<img loading=\"lazy\" decoding=\"async\" width=\"200\" height=\"75\" src=\"https:\/\/www.nelijarve.ee\/wp-content\/uploads\/2025\/04\/Presidendirada.avif\" class=\"attachment-thumbnail size-thumbnail wp-image-17306\" alt=\"presidendirada\" \/>\t\t\t<\/a><\/div>\r\n\t\t\t\t<\/div>\n\t\t\t\t<\/div>\n\t\t\t\t<div class=\"elementor-element elementor-element-d1ee878 elementor-widget elementor-widget-pxl_image\" data-id=\"d1ee878\" data-element_type=\"widget\" data-e-type=\"widget\" data-widget_type=\"pxl_image.default\">\n\t\t\t\t<div class=\"elementor-widget-container\">\n\t\t\t\t\t<div id=\"pxl_image-d1ee878-9696\" class=\"pxl-image-wg default\">\r\n\t\t\t<img loading=\"lazy\" decoding=\"async\" width=\"200\" height=\"75\" src=\"https:\/\/www.nelijarve.ee\/wp-content\/uploads\/2025\/04\/turimisweb.avif\" class=\"attachment-thumbnail size-thumbnail wp-image-17305\" alt=\"turimisweb logo\" \/>\t\t\t<\/div>\r\n\t\t\t\t<\/div>\n\t\t\t\t<\/div>\n\t\t\t\t<div class=\"elementor-element elementor-element-84db9aa elementor-widget elementor-widget-pxl_image\" data-id=\"84db9aa\" data-element_type=\"widget\" data-e-type=\"widget\" data-widget_type=\"pxl_image.default\">\n\t\t\t\t<div class=\"elementor-widget-container\">\n\t\t\t\t\t<div id=\"pxl_image-84db9aa-6931\" class=\"pxl-image-wg default\">\r\n\t<a href=\"https:\/\/www.bhrs.info\/et\/\">\t\t<img loading=\"lazy\" decoding=\"async\" width=\"200\" height=\"75\" src=\"https:\/\/www.nelijarve.ee\/wp-content\/uploads\/2025\/04\/BHRS2.avif\" class=\"attachment-thumbnail size-thumbnail wp-image-17304\" alt=\"BHRS\" \/>\t\t\t<\/a><\/div>\r\n\t\t\t\t<\/div>\n\t\t\t\t<\/div>\n\t\t\t\t<div class=\"elementor-element elementor-element-5633c8c elementor-widget elementor-widget-pxl_image\" data-id=\"5633c8c\" data-element_type=\"widget\" data-e-type=\"widget\" data-widget_type=\"pxl_image.default\">\n\t\t\t\t<div class=\"elementor-widget-container\">\n\t\t\t\t\t<div id=\"pxl_image-5633c8c-9842\" class=\"pxl-image-wg default\">\r\n\t<a href=\"https:\/\/360.ee\/\">\t\t<img loading=\"lazy\" decoding=\"async\" width=\"200\" height=\"75\" src=\"https:\/\/www.nelijarve.ee\/wp-content\/uploads\/2025\/04\/3602.avif\" class=\"attachment-thumbnail size-thumbnail wp-image-17303\" alt=\"360\" \/>\t\t\t<\/a><\/div>\r\n\t\t\t\t<\/div>\n\t\t\t\t<\/div>\n\t\t\t\t<div class=\"elementor-element elementor-element-eb7552a elementor-widget elementor-widget-pxl_image\" data-id=\"eb7552a\" data-element_type=\"widget\" data-e-type=\"widget\" data-widget_type=\"pxl_image.default\">\n\t\t\t\t<div class=\"elementor-widget-container\">\n\t\t\t\t\t<div id=\"pxl_image-eb7552a-1533\" class=\"pxl-image-wg default\">\r\n\t<a href=\"https:\/\/veematkad.ee\/\">\t\t<img loading=\"lazy\" decoding=\"async\" width=\"200\" height=\"75\" src=\"https:\/\/www.nelijarve.ee\/wp-content\/uploads\/2025\/04\/Veematkad2.webp\" class=\"attachment-thumbnail size-thumbnail wp-image-17825\" alt=\"v-matkad\" \/>\t\t\t<\/a><\/div>\r\n\t\t\t\t<\/div>\n\t\t\t\t<\/div>\n\t\t\t\t<div class=\"elementor-element elementor-element-12526fa elementor-widget elementor-widget-pxl_image\" data-id=\"12526fa\" data-element_type=\"widget\" data-e-type=\"widget\" data-widget_type=\"pxl_image.default\">\n\t\t\t\t<div class=\"elementor-widget-container\">\n\t\t\t\t\t<div id=\"pxl_image-12526fa-1829\" class=\"pxl-image-wg default\">\r\n\t<a href=\"https:\/\/isic.ee\/soodustused\/#discount\/932\/0\/Nelij%C3%A4rve+Puhkekeskus\">\t\t<img loading=\"lazy\" decoding=\"async\" width=\"200\" height=\"75\" src=\"https:\/\/www.nelijarve.ee\/wp-content\/uploads\/2025\/04\/isic1.avif\" class=\"attachment-thumbnail size-thumbnail wp-image-17320\" alt=\"\u00f5pilane tudeng \u00f5petaja piletid\" \/>\t\t\t<\/a><\/div>\r\n\t\t\t\t<\/div>\n\t\t\t\t<\/div>\n\t\t\t\t<div class=\"elementor-element elementor-element-2eaf759 elementor-widget elementor-widget-pxl_image\" data-id=\"2eaf759\" data-element_type=\"widget\" data-e-type=\"widget\" data-widget_type=\"pxl_image.default\">\n\t\t\t\t<div class=\"elementor-widget-container\">\n\t\t\t\t\t<div id=\"pxl_image-2eaf759-6444\" class=\"pxl-image-wg default\">\r\n\t\t\t<img loading=\"lazy\" decoding=\"async\" width=\"180\" height=\"120\" src=\"https:\/\/www.nelijarve.ee\/wp-content\/uploads\/2025\/04\/Matkajuht_logo-300x200-1-e1745842272364.avif\" class=\"attachment-thumbnail size-thumbnail wp-image-17318\" alt=\"matkajuht.ee logo\" \/>\t\t\t<\/div>\r\n\t\t\t\t<\/div>\n\t\t\t\t<\/div>\n\t\t\t\t<div class=\"elementor-element elementor-element-3f540f0 elementor-widget elementor-widget-pxl_image\" data-id=\"3f540f0\" data-element_type=\"widget\" data-e-type=\"widget\" data-widget_type=\"pxl_image.default\">\n\t\t\t\t<div class=\"elementor-widget-container\">\n\t\t\t\t\t<div id=\"pxl_image-3f540f0-6232\" class=\"pxl-image-wg default\">\r\n\t<a href=\"https:\/\/www.tapa.ee\/\">\t\t<img loading=\"lazy\" decoding=\"async\" width=\"200\" height=\"75\" src=\"https:\/\/www.nelijarve.ee\/wp-content\/uploads\/2025\/04\/tapa2.avif\" class=\"attachment-thumbnail size-thumbnail wp-image-17319\" alt=\"tapa vald logo\" \/>\t\t\t<\/a><\/div>\r\n\t\t\t\t<\/div>\n\t\t\t\t<\/div>\n\t\t\t\t\t<\/div>\n\t\t\t\t<\/div>\n\t\t<div class=\"elementor-element elementor-element-0c44a35 e-flex e-con-boxed e-con e-parent\" data-id=\"0c44a35\" data-element_type=\"container\" data-e-type=\"container\">\n\t\t\t\t\t\t\t<div class=\"e-con-inner\">\n\t\t\t\t<div class=\"elementor-element elementor-element-5f91079 elementor-widget elementor-widget-spacer\" data-id=\"5f91079\" data-element_type=\"widget\" data-e-type=\"widget\" data-widget_type=\"spacer.default\">\n\t\t\t\t<div class=\"elementor-widget-container\">\n\t\t\t\t\t\t\t<div class=\"elementor-spacer\">\n\t\t\t<div class=\"elementor-spacer-inner\"><\/div>\n\t\t<\/div>\n\t\t\t\t\t\t<\/div>\n\t\t\t\t<\/div>\n\t\t\t\t\t<\/div>\n\t\t\t\t<\/div>\n\t\t        <section class=\"elementor-section elementor-top-section elementor-element elementor-element-d381a17 elementor-section-boxed elementor-section-height-default elementor-section-height-default pxl-section-static-pos-no pxl-section-overflow-hidden-no pxl-container-margin-auto-no\" data-id=\"d381a17\" data-element_type=\"section\" data-e-type=\"section\">\n\n                \n                <div class=\"elementor-container elementor-column-gap-default \">\n                <div class=\"elementor-column elementor-col-100 elementor-top-column elementor-element elementor-element-f0128ef col-offset-none pxl-column-element-default pxl-column-overflow-hidden-no\" data-id=\"f0128ef\" data-element_type=\"column\" data-e-type=\"column\">\r\n        <div class=\"elementor-widget-wrap elementor-element-populated\">\r\n                    \t\t<div class=\"elementor-element elementor-element-a7e0cdc elementor-widget elementor-widget-pxl_divider\" data-id=\"a7e0cdc\" data-element_type=\"widget\" data-e-type=\"widget\" data-widget_type=\"pxl_divider.default\">\n\t\t\t\t<div class=\"elementor-widget-container\">\n\t\t\t\t\t<div class=\"pxl-divider horizontal animated normal\"><div class=\"pxl-divider-separator\"><\/div><\/div>\t\t\t\t<\/div>\n\t\t\t\t<\/div>\n\t\t                    <\/div>\r\n        <\/div>\r\n        \t\t\t<\/div>\n\t\t<\/section>\n\t\t\t\t<\/div>\n\t\t","protected":false},"excerpt":{"rendered":"<p>Partners Nelij\u00e4rve has four lakes, four seasons and more than four partners<\/p>\n","protected":false},"author":1,"featured_media":0,"parent":22163,"menu_order":0,"comment_status":"closed","ping_status":"closed","template":"","meta":{"footnotes":""},"class_list":["post-22149","page","type-page","status-publish","hentry"],"yoast_head":"<!-- This site is optimized with the Yoast SEO plugin v27.4 - https:\/\/yoast.com\/product\/yoast-seo-wordpress\/ -->\n<title>Partners - Nelij\u00e4rve Puhkekeskus<\/title>\n<meta name=\"description\" content=\"Nelij\u00e4rve has four lakes, four seasons and more than four partners. Here is the list of Nelij\u00e4rve Puhkekeskus partners.\" \/>\n<meta name=\"robots\" content=\"index, follow, max-snippet:-1, max-image-preview:large, max-video-preview:-1\" \/>\n<link rel=\"canonical\" href=\"https:\/\/www.nelijarve.ee\/en\/about-us\/partners\/\" \/>\n<meta property=\"og:locale\" content=\"en_US\" \/>\n<meta property=\"og:type\" content=\"article\" \/>\n<meta property=\"og:title\" content=\"Partners - Nelij\u00e4rve Puhkekeskus\" \/>\n<meta property=\"og:description\" content=\"Nelij\u00e4rve has four lakes, four seasons and more than four partners. Here is the list of Nelij\u00e4rve Puhkekeskus partners.\" \/>\n<meta property=\"og:url\" content=\"https:\/\/www.nelijarve.ee\/en\/about-us\/partners\/\" \/>\n<meta property=\"og:site_name\" content=\"Nelij\u00e4rve Puhkekeskus\" \/>\n<meta property=\"article:publisher\" content=\"https:\/\/www.facebook.com\/nelijarve\/\" \/>\n<meta property=\"article:modified_time\" content=\"2025-10-09T13:14:57+00:00\" \/>\n<meta property=\"og:image\" content=\"https:\/\/www.nelijarve.ee\/wp-content\/uploads\/2025\/04\/Aegviidu.avif\" \/>\n<meta name=\"twitter:card\" content=\"summary_large_image\" \/>\n<meta name=\"twitter:label1\" content=\"Est. reading time\" \/>\n\t<meta name=\"twitter:data1\" content=\"3 minutes\" \/>\n<script type=\"application\/ld+json\" class=\"yoast-schema-graph\">{\"@context\":\"https:\\\/\\\/schema.org\",\"@graph\":[{\"@type\":\"WebPage\",\"@id\":\"https:\\\/\\\/www.nelijarve.ee\\\/en\\\/about-us\\\/partners\\\/\",\"url\":\"https:\\\/\\\/www.nelijarve.ee\\\/en\\\/about-us\\\/partners\\\/\",\"name\":\"Partners - Nelij\u00e4rve Puhkekeskus\",\"isPartOf\":{\"@id\":\"https:\\\/\\\/www.nelijarve.ee\\\/#website\"},\"primaryImageOfPage\":{\"@id\":\"https:\\\/\\\/www.nelijarve.ee\\\/en\\\/about-us\\\/partners\\\/#primaryimage\"},\"image\":{\"@id\":\"https:\\\/\\\/www.nelijarve.ee\\\/en\\\/about-us\\\/partners\\\/#primaryimage\"},\"thumbnailUrl\":\"https:\\\/\\\/www.nelijarve.ee\\\/wp-content\\\/uploads\\\/2025\\\/04\\\/Aegviidu.avif\",\"datePublished\":\"2025-04-28T11:14:11+00:00\",\"dateModified\":\"2025-10-09T13:14:57+00:00\",\"description\":\"Nelij\u00e4rve has four lakes, four seasons and more than four partners. Here is the list of Nelij\u00e4rve Puhkekeskus partners.\",\"breadcrumb\":{\"@id\":\"https:\\\/\\\/www.nelijarve.ee\\\/en\\\/about-us\\\/partners\\\/#breadcrumb\"},\"inLanguage\":\"en-US\",\"potentialAction\":[{\"@type\":\"ReadAction\",\"target\":[\"https:\\\/\\\/www.nelijarve.ee\\\/en\\\/about-us\\\/partners\\\/\"]}]},{\"@type\":\"ImageObject\",\"inLanguage\":\"en-US\",\"@id\":\"https:\\\/\\\/www.nelijarve.ee\\\/en\\\/about-us\\\/partners\\\/#primaryimage\",\"url\":\"https:\\\/\\\/www.nelijarve.ee\\\/wp-content\\\/uploads\\\/2025\\\/04\\\/Aegviidu.avif\",\"contentUrl\":\"https:\\\/\\\/www.nelijarve.ee\\\/wp-content\\\/uploads\\\/2025\\\/04\\\/Aegviidu.avif\"},{\"@type\":\"BreadcrumbList\",\"@id\":\"https:\\\/\\\/www.nelijarve.ee\\\/en\\\/about-us\\\/partners\\\/#breadcrumb\",\"itemListElement\":[{\"@type\":\"ListItem\",\"position\":1,\"name\":\"Home\",\"item\":\"https:\\\/\\\/www.nelijarve.ee\\\/en\\\/\"},{\"@type\":\"ListItem\",\"position\":2,\"name\":\"About us\",\"item\":\"https:\\\/\\\/www.nelijarve.ee\\\/meist\\\/\"},{\"@type\":\"ListItem\",\"position\":3,\"name\":\"Partners\"}]},{\"@type\":\"WebSite\",\"@id\":\"https:\\\/\\\/www.nelijarve.ee\\\/#website\",\"url\":\"https:\\\/\\\/www.nelijarve.ee\\\/\",\"name\":\"Nelij\u00e4rve Puhkekeskus\",\"description\":\"Nelij\u00e4rve Puhkekeskus\",\"publisher\":{\"@id\":\"https:\\\/\\\/www.nelijarve.ee\\\/#organization\"},\"potentialAction\":[{\"@type\":\"SearchAction\",\"target\":{\"@type\":\"EntryPoint\",\"urlTemplate\":\"https:\\\/\\\/www.nelijarve.ee\\\/?s={search_term_string}\"},\"query-input\":{\"@type\":\"PropertyValueSpecification\",\"valueRequired\":true,\"valueName\":\"search_term_string\"}}],\"inLanguage\":\"en-US\"},{\"@type\":\"Organization\",\"@id\":\"https:\\\/\\\/www.nelijarve.ee\\\/#organization\",\"name\":\"Nelij\u00e4rve Puhkekeskus\",\"url\":\"https:\\\/\\\/www.nelijarve.ee\\\/\",\"logo\":{\"@type\":\"ImageObject\",\"inLanguage\":\"en-US\",\"@id\":\"https:\\\/\\\/www.nelijarve.ee\\\/#\\\/schema\\\/logo\\\/image\\\/\",\"url\":\"https:\\\/\\\/www.nelijarve.ee\\\/wp-content\\\/uploads\\\/2025\\\/04\\\/nelijarve-logo.png\",\"contentUrl\":\"https:\\\/\\\/www.nelijarve.ee\\\/wp-content\\\/uploads\\\/2025\\\/04\\\/nelijarve-logo.png\",\"width\":250,\"height\":99,\"caption\":\"Nelij\u00e4rve Puhkekeskus\"},\"image\":{\"@id\":\"https:\\\/\\\/www.nelijarve.ee\\\/#\\\/schema\\\/logo\\\/image\\\/\"},\"sameAs\":[\"https:\\\/\\\/www.facebook.com\\\/nelijarve\\\/\"]}]}<\/script>\n<!-- \/ Yoast SEO plugin. -->","yoast_head_json":{"title":"Partners - Nelij\u00e4rve Puhkekeskus","description":"Nelij\u00e4rve has four lakes, four seasons and more than four partners. Here is the list of Nelij\u00e4rve Puhkekeskus partners.","robots":{"index":"index","follow":"follow","max-snippet":"max-snippet:-1","max-image-preview":"max-image-preview:large","max-video-preview":"max-video-preview:-1"},"canonical":"https:\/\/www.nelijarve.ee\/en\/about-us\/partners\/","og_locale":"en_US","og_type":"article","og_title":"Partners - Nelij\u00e4rve Puhkekeskus","og_description":"Nelij\u00e4rve has four lakes, four seasons and more than four partners. Here is the list of Nelij\u00e4rve Puhkekeskus partners.","og_url":"https:\/\/www.nelijarve.ee\/en\/about-us\/partners\/","og_site_name":"Nelij\u00e4rve Puhkekeskus","article_publisher":"https:\/\/www.facebook.com\/nelijarve\/","article_modified_time":"2025-10-09T13:14:57+00:00","og_image":[{"url":"https:\/\/www.nelijarve.ee\/wp-content\/uploads\/2025\/04\/Aegviidu.avif","type":"","width":"","height":""}],"twitter_card":"summary_large_image","twitter_misc":{"Est. reading time":"3 minutes"},"schema":{"@context":"https:\/\/schema.org","@graph":[{"@type":"WebPage","@id":"https:\/\/www.nelijarve.ee\/en\/about-us\/partners\/","url":"https:\/\/www.nelijarve.ee\/en\/about-us\/partners\/","name":"Partners - Nelij\u00e4rve Puhkekeskus","isPartOf":{"@id":"https:\/\/www.nelijarve.ee\/#website"},"primaryImageOfPage":{"@id":"https:\/\/www.nelijarve.ee\/en\/about-us\/partners\/#primaryimage"},"image":{"@id":"https:\/\/www.nelijarve.ee\/en\/about-us\/partners\/#primaryimage"},"thumbnailUrl":"https:\/\/www.nelijarve.ee\/wp-content\/uploads\/2025\/04\/Aegviidu.avif","datePublished":"2025-04-28T11:14:11+00:00","dateModified":"2025-10-09T13:14:57+00:00","description":"Nelij\u00e4rve has four lakes, four seasons and more than four partners. Here is the list of Nelij\u00e4rve Puhkekeskus partners.","breadcrumb":{"@id":"https:\/\/www.nelijarve.ee\/en\/about-us\/partners\/#breadcrumb"},"inLanguage":"en-US","potentialAction":[{"@type":"ReadAction","target":["https:\/\/www.nelijarve.ee\/en\/about-us\/partners\/"]}]},{"@type":"ImageObject","inLanguage":"en-US","@id":"https:\/\/www.nelijarve.ee\/en\/about-us\/partners\/#primaryimage","url":"https:\/\/www.nelijarve.ee\/wp-content\/uploads\/2025\/04\/Aegviidu.avif","contentUrl":"https:\/\/www.nelijarve.ee\/wp-content\/uploads\/2025\/04\/Aegviidu.avif"},{"@type":"BreadcrumbList","@id":"https:\/\/www.nelijarve.ee\/en\/about-us\/partners\/#breadcrumb","itemListElement":[{"@type":"ListItem","position":1,"name":"Home","item":"https:\/\/www.nelijarve.ee\/en\/"},{"@type":"ListItem","position":2,"name":"About us","item":"https:\/\/www.nelijarve.ee\/meist\/"},{"@type":"ListItem","position":3,"name":"Partners"}]},{"@type":"WebSite","@id":"https:\/\/www.nelijarve.ee\/#website","url":"https:\/\/www.nelijarve.ee\/","name":"Nelij\u00e4rve Puhkekeskus","description":"Nelij\u00e4rve Puhkekeskus","publisher":{"@id":"https:\/\/www.nelijarve.ee\/#organization"},"potentialAction":[{"@type":"SearchAction","target":{"@type":"EntryPoint","urlTemplate":"https:\/\/www.nelijarve.ee\/?s={search_term_string}"},"query-input":{"@type":"PropertyValueSpecification","valueRequired":true,"valueName":"search_term_string"}}],"inLanguage":"en-US"},{"@type":"Organization","@id":"https:\/\/www.nelijarve.ee\/#organization","name":"Nelij\u00e4rve Puhkekeskus","url":"https:\/\/www.nelijarve.ee\/","logo":{"@type":"ImageObject","inLanguage":"en-US","@id":"https:\/\/www.nelijarve.ee\/#\/schema\/logo\/image\/","url":"https:\/\/www.nelijarve.ee\/wp-content\/uploads\/2025\/04\/nelijarve-logo.png","contentUrl":"https:\/\/www.nelijarve.ee\/wp-content\/uploads\/2025\/04\/nelijarve-logo.png","width":250,"height":99,"caption":"Nelij\u00e4rve Puhkekeskus"},"image":{"@id":"https:\/\/www.nelijarve.ee\/#\/schema\/logo\/image\/"},"sameAs":["https:\/\/www.facebook.com\/nelijarve\/"]}]}},"_links":{"self":[{"href":"https:\/\/www.nelijarve.ee\/en\/wp-json\/wp\/v2\/pages\/22149","targetHints":{"allow":["GET"]}}],"collection":[{"href":"https:\/\/www.nelijarve.ee\/en\/wp-json\/wp\/v2\/pages"}],"about":[{"href":"https:\/\/www.nelijarve.ee\/en\/wp-json\/wp\/v2\/types\/page"}],"author":[{"embeddable":true,"href":"https:\/\/www.nelijarve.ee\/en\/wp-json\/wp\/v2\/users\/1"}],"replies":[{"embeddable":true,"href":"https:\/\/www.nelijarve.ee\/en\/wp-json\/wp\/v2\/comments?post=22149"}],"version-history":[{"count":1,"href":"https:\/\/www.nelijarve.ee\/en\/wp-json\/wp\/v2\/pages\/22149\/revisions"}],"predecessor-version":[{"id":24620,"href":"https:\/\/www.nelijarve.ee\/en\/wp-json\/wp\/v2\/pages\/22149\/revisions\/24620"}],"up":[{"embeddable":true,"href":"https:\/\/www.nelijarve.ee\/en\/wp-json\/wp\/v2\/pages\/22163"}],"wp:attachment":[{"href":"https:\/\/www.nelijarve.ee\/en\/wp-json\/wp\/v2\/media?parent=22149"}],"curies":[{"name":"wp","href":"https:\/\/api.w.org\/{rel}","templated":true}]}}