{"id":23880,"date":"2025-09-03T12:30:52","date_gmt":"2025-09-03T12:30:52","guid":{"rendered":"https:\/\/www.nelijarve.ee\/about-us\/request-a-quote\/"},"modified":"2025-10-09T13:16:50","modified_gmt":"2025-10-09T13:16:50","slug":"request-a-quote","status":"publish","type":"page","link":"https:\/\/www.nelijarve.ee\/en\/about-us\/request-a-quote\/","title":{"rendered":"Request a quote"},"content":{"rendered":"\t\t<div data-elementor-type=\"wp-page\" data-elementor-id=\"23880\" class=\"elementor elementor-23880 elementor-23830\" data-elementor-post-type=\"page\">\n\t\t\t\t        <section class=\"elementor-section elementor-top-section elementor-element elementor-element-2a8ff063 elementor-section-boxed elementor-section-height-default elementor-section-height-default pxl-section-static-pos-no pxl-section-overflow-hidden-no pxl-container-margin-auto-no\" data-id=\"2a8ff063\" data-element_type=\"section\" data-e-type=\"section\" data-settings=\"{&quot;background_background&quot;:&quot;classic&quot;}\">\n\n                \n                <div class=\"elementor-container elementor-column-gap-default \">\n                <div class=\"elementor-column elementor-col-100 elementor-top-column elementor-element elementor-element-5e40df1f col-offset-none pxl-column-element-default pxl-column-overflow-hidden-no\" data-id=\"5e40df1f\" data-element_type=\"column\" data-e-type=\"column\">\r\n        <div class=\"elementor-widget-wrap elementor-element-populated\">\r\n                            <section class=\"elementor-section elementor-inner-section elementor-element elementor-element-16af218f elementor-section-boxed elementor-section-height-default elementor-section-height-default pxl-section-static-pos-no pxl-section-overflow-hidden-no pxl-container-margin-auto-no\" data-id=\"16af218f\" data-element_type=\"section\" data-e-type=\"section\">\n\n                \n                <div class=\"elementor-container elementor-column-gap-default \">\n                <div class=\"elementor-column elementor-col-100 elementor-inner-column elementor-element elementor-element-3a15f3b4 col-offset-none pxl-column-element-default pxl-column-overflow-hidden-no\" data-id=\"3a15f3b4\" data-element_type=\"column\" data-e-type=\"column\">\r\n        <div class=\"elementor-widget-wrap elementor-element-populated\">\r\n                    \t\t<div class=\"elementor-element elementor-element-5af86c2 elementor-widget elementor-widget-pxl_contact_form\" data-id=\"5af86c2\" data-element_type=\"widget\" data-e-type=\"widget\" data-widget_type=\"pxl_contact_form.default\">\n\t\t\t\t<div class=\"elementor-widget-container\">\n\t\t\t\t\t<div class=\"pxl-cf7-wrap relative \">\r\n    \n<div class=\"wpcf7 no-js\" id=\"wpcf7-f23889-o1\" lang=\"en-US\" dir=\"ltr\" data-wpcf7-id=\"23889\">\n<div class=\"screen-reader-response\"><p role=\"status\" aria-live=\"polite\" aria-atomic=\"true\"><\/p> <ul><\/ul><\/div>\n<form action=\"\/en\/wp-json\/wp\/v2\/pages\/23880#wpcf7-f23889-o1\" method=\"post\" class=\"wpcf7-form init\" aria-label=\"Contact form\" novalidate=\"novalidate\" data-status=\"init\">\n<fieldset class=\"hidden-fields-container\"><input type=\"hidden\" name=\"_wpcf7\" value=\"23889\" \/><input type=\"hidden\" name=\"_wpcf7_version\" value=\"6.1.5\" \/><input type=\"hidden\" name=\"_wpcf7_locale\" value=\"en_US\" \/><input type=\"hidden\" name=\"_wpcf7_unit_tag\" value=\"wpcf7-f23889-o1\" \/><input type=\"hidden\" name=\"_wpcf7_container_post\" value=\"0\" \/><input type=\"hidden\" name=\"_wpcf7_posted_data_hash\" value=\"\" \/><input type=\"hidden\" name=\"_wpcf7_recaptcha_response\" value=\"\" \/>\n<\/fieldset>\n<div class=\"cf7-form-container\">\n\t<div class=\"cf7-column\">\n\t\t<h3><span style=\"color: #379606;\">Contacts<\/span>\n\t\t<\/h3>\n\t\t<p>Customer name*\n\t\t<\/p>\n\t\t<p><span class=\"wpcf7-form-control-wrap\" data-name=\"tellija-nimi\"><input size=\"40\" maxlength=\"400\" class=\"wpcf7-form-control wpcf7-text wpcf7-validates-as-required\" aria-required=\"true\" aria-invalid=\"false\" value=\"\" type=\"text\" name=\"tellija-nimi\" \/><\/span>\n\t\t<\/p>\n\t\t<p>Legal name of the company\n\t\t<\/p>\n\t\t<p><span class=\"wpcf7-form-control-wrap\" data-name=\"kontaktisik\"><input size=\"40\" maxlength=\"400\" class=\"wpcf7-form-control wpcf7-text\" aria-invalid=\"false\" value=\"\" type=\"text\" name=\"kontaktisik\" \/><\/span>\n\t\t<\/p>\n\t\t<p>Telephone*\n\t\t<\/p>\n\t\t<p><span class=\"wpcf7-form-control-wrap\" data-name=\"telefon\"><input size=\"40\" maxlength=\"400\" class=\"wpcf7-form-control wpcf7-tel wpcf7-validates-as-required wpcf7-text wpcf7-validates-as-tel\" aria-required=\"true\" aria-invalid=\"false\" value=\"\" type=\"tel\" name=\"telefon\" \/><\/span>\n\t\t<\/p>\n\t\t<p>E-mail*\n\t\t<\/p>\n\t\t<p><span class=\"wpcf7-form-control-wrap\" data-name=\"your-email\"><input size=\"40\" maxlength=\"400\" class=\"wpcf7-form-control wpcf7-email wpcf7-validates-as-required wpcf7-text wpcf7-validates-as-email\" aria-required=\"true\" aria-invalid=\"false\" value=\"\" type=\"email\" name=\"your-email\" \/><\/span>\n\t\t<\/p>\n\t\t<p>Arrival date:*\n\t\t<\/p>\n\t\t<p><span class=\"wpcf7-form-control-wrap\" data-name=\"saabumiskuupaev\"><input class=\"wpcf7-form-control wpcf7-date wpcf7-validates-as-required wpcf7-validates-as-date\" aria-required=\"true\" aria-invalid=\"false\" value=\"\" type=\"date\" name=\"saabumiskuupaev\" \/><\/span>\n\t\t<\/p>\n\t\t<p>Departure date:*\n\t\t<\/p>\n\t\t<p><span class=\"wpcf7-form-control-wrap\" data-name=\"lahkumiskuupaev\"><input class=\"wpcf7-form-control wpcf7-date wpcf7-validates-as-required wpcf7-validates-as-date\" aria-required=\"true\" aria-invalid=\"false\" value=\"\" type=\"date\" name=\"lahkumiskuupaev\" \/><\/span>\n\t\t<\/p>\n\t\t<p>Event type:\n\t\t<\/p>\n\t\t<p><span class=\"wpcf7-form-control-wrap\" data-name=\"urituse-liik\"><select class=\"wpcf7-form-control wpcf7-select\" aria-invalid=\"false\" name=\"urituse-liik\"><option value=\"---\">---<\/option><option value=\"Vacation\">Vacation<\/option><option value=\"Seminar\">Seminar<\/option><option value=\"Party\">Party<\/option><option value=\"Wedding\">Wedding<\/option><option value=\"Summer days\">Summer days<\/option><option value=\"Winter days\">Winter days<\/option><option value=\"Other\">Other<\/option><\/select><\/span>\n\t\t<\/p>\n\t\t<p>Number of people:*\n\t\t<\/p>\n\t\t<p><span class=\"wpcf7-form-control-wrap\" data-name=\"inimeste-arv\"><input class=\"wpcf7-form-control wpcf7-number wpcf7-validates-as-required wpcf7-validates-as-number\" aria-required=\"true\" aria-invalid=\"false\" value=\"\" type=\"number\" name=\"inimeste-arv\" \/><\/span>\n\t\t<\/p>\n\t<\/div>\n\t<div class=\"cf7-column\">\n\t\t<h3><span style=\"color: #379606;\">Seminar\/Event<\/span>\n\t\t<\/h3>\n\t\t<p>Choose a suitable venue\n\t\t<\/p>\n\t\t<p><span class=\"wpcf7-form-control-wrap\" data-name=\"seminari-koht\"><select class=\"wpcf7-form-control wpcf7-select\" aria-invalid=\"false\" name=\"seminari-koht\"><option value=\"---\">---<\/option><option value=\"Not required\">Not required<\/option><option value=\"Large Hall\">Large Hall<\/option><option value=\"Wild Violet Hall\">Wild Violet Hall<\/option><option value=\"Poppy Hall\">Poppy Hall<\/option><option value=\"Lily of the Valley Hall\">Lily of the Valley Hall<\/option><option value=\"Picnic Hall\">Picnic Hall<\/option><option value=\"Lake House Reed Hall\">Lake House Reed Hall<\/option><option value=\"Lake House Rush Hall\">Lake House Rush Hall<\/option><option value=\"P\u00e4\u00e4su Villa Fireplace Hall\">P\u00e4\u00e4su Villa Fireplace Hall<\/option><option value=\"P\u00e4\u00e4su Villa Fern Hall\">P\u00e4\u00e4su Villa Fern Hall<\/option><option value=\"P\u00e4\u00e4su Villa Water Lily Hall\">P\u00e4\u00e4su Villa Water Lily Hall<\/option><option value=\"Beach House Hall\">Beach House Hall<\/option><\/select><\/span>\n\t\t<\/p>\n\t\t<p>From:\n\t\t<\/p>\n\t\t<p><span class=\"wpcf7-form-control-wrap\" data-name=\"seminar-alates\"><input size=\"40\" maxlength=\"400\" class=\"wpcf7-form-control wpcf7-text\" aria-invalid=\"false\" value=\"DD.MM.YYYY HH:MM\" type=\"text\" name=\"seminar-alates\" \/><\/span>\n\t\t<\/p>\n\t\t<p>To:\n\t\t<\/p>\n\t\t<p><span class=\"wpcf7-form-control-wrap\" data-name=\"seminar-kuni\"><input size=\"40\" maxlength=\"400\" class=\"wpcf7-form-control wpcf7-text\" aria-invalid=\"false\" value=\"DD.MM.YYYY HH:MM\" type=\"text\" name=\"seminar-kuni\" \/><\/span>\n\t\t<\/p>\n\t\t<h3><span style=\"color: #379606;\">Sauna<\/span>\n\t\t<\/h3>\n\t\t<p>Would you like a sauna?\n\t\t<\/p>\n\t\t<p><span class=\"wpcf7-form-control-wrap\" data-name=\"sauna-soov\"><select class=\"wpcf7-form-control wpcf7-select\" aria-invalid=\"false\" name=\"sauna-soov\"><option value=\"---\">---<\/option><option value=\"Not required\">Not required<\/option><option value=\"Lake house sauna for 6\">Lake house sauna for 6<\/option><option value=\"Lake house sauna for 12\">Lake house sauna for 12<\/option><option value=\"Beach house\">Beach house<\/option><option value=\"Barrel sauna\">Barrel sauna<\/option><\/select><\/span>\n\t\t<\/p>\n\t\t<p>From:\n\t\t<\/p>\n\t\t<p><span class=\"wpcf7-form-control-wrap\" data-name=\"saun-alates\"><input size=\"40\" maxlength=\"400\" class=\"wpcf7-form-control wpcf7-text\" aria-invalid=\"false\" value=\"DD.MM.YYYY HH:MM\" type=\"text\" name=\"saun-alates\" \/><\/span>\n\t\t<\/p>\n\t\t<p>To:\n\t\t<\/p>\n\t\t<p><span class=\"wpcf7-form-control-wrap\" data-name=\"saun-kuni\"><input size=\"40\" maxlength=\"400\" class=\"wpcf7-form-control wpcf7-text\" aria-invalid=\"false\" value=\"DD.MM.YYYY HH:MM\" type=\"text\" name=\"saun-kuni\" \/><\/span>\n\t\t<\/p>\n\t\t<h3><span style=\"color: #379606;\">Specifications and additional wishes<\/span>\n\t\t<\/h3>\n\t\t<p class=\"special-textarea\"><span class=\"wpcf7-form-control-wrap\" data-name=\"your-message\"><textarea cols=\"40\" rows=\"10\" maxlength=\"2000\" class=\"wpcf7-form-control wpcf7-textarea\" aria-invalid=\"false\" name=\"your-message\"><\/textarea><\/span>\n\t\t<\/p>\n\t<\/div>\n<\/div>\n<div style=\"clear: both;\">\n<\/div>\n\n<p class=\"kusige-pakkumist\"><input class=\"wpcf7-form-control wpcf7-submit has-spinner\" type=\"submit\" value=\"Request an offer\" \/>\n<\/p><div class=\"wpcf7-response-output\" aria-hidden=\"true\"><\/div>\n<\/form>\n<\/div>\n \r\n<\/div>\t\t\t\t<\/div>\n\t\t\t\t<\/div>\n\t\t                    <\/div>\r\n        <\/div>\r\n        \t\t\t<\/div>\n\t\t<\/section>\n\t\t                    <\/div>\r\n        <\/div>\r\n        \t\t\t<\/div>\n\t\t<\/section>\n\t\t\t\t<\/div>\n\t\t","protected":false},"excerpt":{"rendered":"<p>Kontaktid Tellija nimi Kontaktisik Telefon E-mail Saabumiskuup\u00e4ev: Lahkumiskuup\u00e4ev: \u00dcrituse liik: &#8212;PuhkusSeminarPiduPulmadSuvep\u00e4evadTalvep\u00e4evadMuu Inimeste arv: Toitlustus Pakkumine koostatakse n\u00e4idismen\u00fc\u00fcdega, mida saate vajadusel muuta. Men\u00fc\u00fcde valik. Palun tehke valik L\u00f5unas\u00f6\u00f6k\u00d5htus\u00f6\u00f6k Kommentaarid: Seminar\/\u00fcritus Valige sobiv koht &#8212;Ei sooviSuur saalMetskannikese saalMooni saalPiibelehe saalPiknikusaalJ\u00e4rvemaja PilliroosaalJ\u00e4rvemaja K\u00f5rkjasaalP\u00e4\u00e4su villa kaminasaalP\u00e4\u00e4su villa S\u00f5najalasaalP\u00e4\u00e4su villa Vesiroosi saalRannamaja saal Alates: Kuni: Majutus Hommikus\u00f6\u00f6k bufee lauas on [&hellip;]<\/p>\n","protected":false},"author":1,"featured_media":21586,"parent":22163,"menu_order":0,"comment_status":"closed","ping_status":"closed","template":"","meta":{"footnotes":""},"class_list":["post-23880","page","type-page","status-publish","has-post-thumbnail","hentry"],"yoast_head":"<!-- This site is optimized with the Yoast SEO plugin v27.4 - https:\/\/yoast.com\/product\/yoast-seo-wordpress\/ -->\n<title>Request a quote - Nelij\u00e4rve Puhkekeskus<\/title>\n<meta name=\"description\" content=\"Request a quote to stay at Nelij\u00e4rve Puhkekeskus. Together, we\u2019ll find the perfect solution for your party, seminar, or other gathering.\" \/>\n<meta name=\"robots\" content=\"index, follow, max-snippet:-1, max-image-preview:large, max-video-preview:-1\" \/>\n<link rel=\"canonical\" href=\"https:\/\/www.nelijarve.ee\/en\/about-us\/request-a-quote\/\" \/>\n<meta property=\"og:locale\" content=\"en_US\" \/>\n<meta property=\"og:type\" content=\"article\" \/>\n<meta property=\"og:title\" content=\"Request a quote - Nelij\u00e4rve Puhkekeskus\" \/>\n<meta property=\"og:description\" content=\"Request a quote to stay at Nelij\u00e4rve Puhkekeskus. Together, we\u2019ll find the perfect solution for your party, seminar, or other gathering.\" \/>\n<meta property=\"og:url\" content=\"https:\/\/www.nelijarve.ee\/en\/about-us\/request-a-quote\/\" \/>\n<meta property=\"og:site_name\" content=\"Nelij\u00e4rve Puhkekeskus\" \/>\n<meta property=\"article:publisher\" content=\"https:\/\/www.facebook.com\/nelijarve\/\" \/>\n<meta property=\"article:modified_time\" content=\"2025-10-09T13:16:50+00:00\" \/>\n<meta property=\"og:image\" content=\"https:\/\/www.nelijarve.ee\/wp-content\/uploads\/2025\/06\/shutterstock_778406134.webp\" \/>\n\t<meta property=\"og:image:width\" content=\"1920\" \/>\n\t<meta property=\"og:image:height\" content=\"1280\" \/>\n\t<meta property=\"og:image:type\" content=\"image\/jpeg\" \/>\n<meta name=\"twitter:card\" content=\"summary_large_image\" \/>\n<meta name=\"twitter:label1\" content=\"Est. reading time\" \/>\n\t<meta name=\"twitter:data1\" content=\"2 minutes\" \/>\n<script type=\"application\/ld+json\" class=\"yoast-schema-graph\">{\"@context\":\"https:\\\/\\\/schema.org\",\"@graph\":[{\"@type\":\"WebPage\",\"@id\":\"https:\\\/\\\/www.nelijarve.ee\\\/en\\\/about-us\\\/request-a-quote\\\/\",\"url\":\"https:\\\/\\\/www.nelijarve.ee\\\/en\\\/about-us\\\/request-a-quote\\\/\",\"name\":\"Request a quote - Nelij\u00e4rve Puhkekeskus\",\"isPartOf\":{\"@id\":\"https:\\\/\\\/www.nelijarve.ee\\\/#website\"},\"primaryImageOfPage\":{\"@id\":\"https:\\\/\\\/www.nelijarve.ee\\\/en\\\/about-us\\\/request-a-quote\\\/#primaryimage\"},\"image\":{\"@id\":\"https:\\\/\\\/www.nelijarve.ee\\\/en\\\/about-us\\\/request-a-quote\\\/#primaryimage\"},\"thumbnailUrl\":\"https:\\\/\\\/www.nelijarve.ee\\\/wp-content\\\/uploads\\\/2025\\\/06\\\/shutterstock_778406134.webp\",\"datePublished\":\"2025-09-03T12:30:52+00:00\",\"dateModified\":\"2025-10-09T13:16:50+00:00\",\"description\":\"Request a quote to stay at Nelij\u00e4rve Puhkekeskus. Together, we\u2019ll find the perfect solution for your party, seminar, or other gathering.\",\"breadcrumb\":{\"@id\":\"https:\\\/\\\/www.nelijarve.ee\\\/en\\\/about-us\\\/request-a-quote\\\/#breadcrumb\"},\"inLanguage\":\"en-US\",\"potentialAction\":[{\"@type\":\"ReadAction\",\"target\":[\"https:\\\/\\\/www.nelijarve.ee\\\/en\\\/about-us\\\/request-a-quote\\\/\"]}]},{\"@type\":\"ImageObject\",\"inLanguage\":\"en-US\",\"@id\":\"https:\\\/\\\/www.nelijarve.ee\\\/en\\\/about-us\\\/request-a-quote\\\/#primaryimage\",\"url\":\"https:\\\/\\\/www.nelijarve.ee\\\/wp-content\\\/uploads\\\/2025\\\/06\\\/shutterstock_778406134.webp\",\"contentUrl\":\"https:\\\/\\\/www.nelijarve.ee\\\/wp-content\\\/uploads\\\/2025\\\/06\\\/shutterstock_778406134.webp\",\"width\":1920,\"height\":1280,\"caption\":\"selfie\"},{\"@type\":\"BreadcrumbList\",\"@id\":\"https:\\\/\\\/www.nelijarve.ee\\\/en\\\/about-us\\\/request-a-quote\\\/#breadcrumb\",\"itemListElement\":[{\"@type\":\"ListItem\",\"position\":1,\"name\":\"Home\",\"item\":\"https:\\\/\\\/www.nelijarve.ee\\\/en\\\/\"},{\"@type\":\"ListItem\",\"position\":2,\"name\":\"About us\",\"item\":\"https:\\\/\\\/www.nelijarve.ee\\\/meist\\\/\"},{\"@type\":\"ListItem\",\"position\":3,\"name\":\"Request a quote\"}]},{\"@type\":\"WebSite\",\"@id\":\"https:\\\/\\\/www.nelijarve.ee\\\/#website\",\"url\":\"https:\\\/\\\/www.nelijarve.ee\\\/\",\"name\":\"Nelij\u00e4rve Puhkekeskus\",\"description\":\"Nelij\u00e4rve Puhkekeskus\",\"publisher\":{\"@id\":\"https:\\\/\\\/www.nelijarve.ee\\\/#organization\"},\"potentialAction\":[{\"@type\":\"SearchAction\",\"target\":{\"@type\":\"EntryPoint\",\"urlTemplate\":\"https:\\\/\\\/www.nelijarve.ee\\\/?s={search_term_string}\"},\"query-input\":{\"@type\":\"PropertyValueSpecification\",\"valueRequired\":true,\"valueName\":\"search_term_string\"}}],\"inLanguage\":\"en-US\"},{\"@type\":\"Organization\",\"@id\":\"https:\\\/\\\/www.nelijarve.ee\\\/#organization\",\"name\":\"Nelij\u00e4rve Puhkekeskus\",\"url\":\"https:\\\/\\\/www.nelijarve.ee\\\/\",\"logo\":{\"@type\":\"ImageObject\",\"inLanguage\":\"en-US\",\"@id\":\"https:\\\/\\\/www.nelijarve.ee\\\/#\\\/schema\\\/logo\\\/image\\\/\",\"url\":\"https:\\\/\\\/www.nelijarve.ee\\\/wp-content\\\/uploads\\\/2025\\\/04\\\/nelijarve-logo.png\",\"contentUrl\":\"https:\\\/\\\/www.nelijarve.ee\\\/wp-content\\\/uploads\\\/2025\\\/04\\\/nelijarve-logo.png\",\"width\":250,\"height\":99,\"caption\":\"Nelij\u00e4rve Puhkekeskus\"},\"image\":{\"@id\":\"https:\\\/\\\/www.nelijarve.ee\\\/#\\\/schema\\\/logo\\\/image\\\/\"},\"sameAs\":[\"https:\\\/\\\/www.facebook.com\\\/nelijarve\\\/\"]}]}<\/script>\n<!-- \/ Yoast SEO plugin. -->","yoast_head_json":{"title":"Request a quote - Nelij\u00e4rve Puhkekeskus","description":"Request a quote to stay at Nelij\u00e4rve Puhkekeskus. Together, we\u2019ll find the perfect solution for your party, seminar, or other gathering.","robots":{"index":"index","follow":"follow","max-snippet":"max-snippet:-1","max-image-preview":"max-image-preview:large","max-video-preview":"max-video-preview:-1"},"canonical":"https:\/\/www.nelijarve.ee\/en\/about-us\/request-a-quote\/","og_locale":"en_US","og_type":"article","og_title":"Request a quote - Nelij\u00e4rve Puhkekeskus","og_description":"Request a quote to stay at Nelij\u00e4rve Puhkekeskus. Together, we\u2019ll find the perfect solution for your party, seminar, or other gathering.","og_url":"https:\/\/www.nelijarve.ee\/en\/about-us\/request-a-quote\/","og_site_name":"Nelij\u00e4rve Puhkekeskus","article_publisher":"https:\/\/www.facebook.com\/nelijarve\/","article_modified_time":"2025-10-09T13:16:50+00:00","og_image":[{"width":1920,"height":1280,"url":"https:\/\/www.nelijarve.ee\/wp-content\/uploads\/2025\/06\/shutterstock_778406134.webp","type":"image\/jpeg"}],"twitter_card":"summary_large_image","twitter_misc":{"Est. reading time":"2 minutes"},"schema":{"@context":"https:\/\/schema.org","@graph":[{"@type":"WebPage","@id":"https:\/\/www.nelijarve.ee\/en\/about-us\/request-a-quote\/","url":"https:\/\/www.nelijarve.ee\/en\/about-us\/request-a-quote\/","name":"Request a quote - Nelij\u00e4rve Puhkekeskus","isPartOf":{"@id":"https:\/\/www.nelijarve.ee\/#website"},"primaryImageOfPage":{"@id":"https:\/\/www.nelijarve.ee\/en\/about-us\/request-a-quote\/#primaryimage"},"image":{"@id":"https:\/\/www.nelijarve.ee\/en\/about-us\/request-a-quote\/#primaryimage"},"thumbnailUrl":"https:\/\/www.nelijarve.ee\/wp-content\/uploads\/2025\/06\/shutterstock_778406134.webp","datePublished":"2025-09-03T12:30:52+00:00","dateModified":"2025-10-09T13:16:50+00:00","description":"Request a quote to stay at Nelij\u00e4rve Puhkekeskus. Together, we\u2019ll find the perfect solution for your party, seminar, or other gathering.","breadcrumb":{"@id":"https:\/\/www.nelijarve.ee\/en\/about-us\/request-a-quote\/#breadcrumb"},"inLanguage":"en-US","potentialAction":[{"@type":"ReadAction","target":["https:\/\/www.nelijarve.ee\/en\/about-us\/request-a-quote\/"]}]},{"@type":"ImageObject","inLanguage":"en-US","@id":"https:\/\/www.nelijarve.ee\/en\/about-us\/request-a-quote\/#primaryimage","url":"https:\/\/www.nelijarve.ee\/wp-content\/uploads\/2025\/06\/shutterstock_778406134.webp","contentUrl":"https:\/\/www.nelijarve.ee\/wp-content\/uploads\/2025\/06\/shutterstock_778406134.webp","width":1920,"height":1280,"caption":"selfie"},{"@type":"BreadcrumbList","@id":"https:\/\/www.nelijarve.ee\/en\/about-us\/request-a-quote\/#breadcrumb","itemListElement":[{"@type":"ListItem","position":1,"name":"Home","item":"https:\/\/www.nelijarve.ee\/en\/"},{"@type":"ListItem","position":2,"name":"About us","item":"https:\/\/www.nelijarve.ee\/meist\/"},{"@type":"ListItem","position":3,"name":"Request a quote"}]},{"@type":"WebSite","@id":"https:\/\/www.nelijarve.ee\/#website","url":"https:\/\/www.nelijarve.ee\/","name":"Nelij\u00e4rve Puhkekeskus","description":"Nelij\u00e4rve Puhkekeskus","publisher":{"@id":"https:\/\/www.nelijarve.ee\/#organization"},"potentialAction":[{"@type":"SearchAction","target":{"@type":"EntryPoint","urlTemplate":"https:\/\/www.nelijarve.ee\/?s={search_term_string}"},"query-input":{"@type":"PropertyValueSpecification","valueRequired":true,"valueName":"search_term_string"}}],"inLanguage":"en-US"},{"@type":"Organization","@id":"https:\/\/www.nelijarve.ee\/#organization","name":"Nelij\u00e4rve Puhkekeskus","url":"https:\/\/www.nelijarve.ee\/","logo":{"@type":"ImageObject","inLanguage":"en-US","@id":"https:\/\/www.nelijarve.ee\/#\/schema\/logo\/image\/","url":"https:\/\/www.nelijarve.ee\/wp-content\/uploads\/2025\/04\/nelijarve-logo.png","contentUrl":"https:\/\/www.nelijarve.ee\/wp-content\/uploads\/2025\/04\/nelijarve-logo.png","width":250,"height":99,"caption":"Nelij\u00e4rve Puhkekeskus"},"image":{"@id":"https:\/\/www.nelijarve.ee\/#\/schema\/logo\/image\/"},"sameAs":["https:\/\/www.facebook.com\/nelijarve\/"]}]}},"_links":{"self":[{"href":"https:\/\/www.nelijarve.ee\/en\/wp-json\/wp\/v2\/pages\/23880","targetHints":{"allow":["GET"]}}],"collection":[{"href":"https:\/\/www.nelijarve.ee\/en\/wp-json\/wp\/v2\/pages"}],"about":[{"href":"https:\/\/www.nelijarve.ee\/en\/wp-json\/wp\/v2\/types\/page"}],"author":[{"embeddable":true,"href":"https:\/\/www.nelijarve.ee\/en\/wp-json\/wp\/v2\/users\/1"}],"replies":[{"embeddable":true,"href":"https:\/\/www.nelijarve.ee\/en\/wp-json\/wp\/v2\/comments?post=23880"}],"version-history":[{"count":1,"href":"https:\/\/www.nelijarve.ee\/en\/wp-json\/wp\/v2\/pages\/23880\/revisions"}],"predecessor-version":[{"id":24621,"href":"https:\/\/www.nelijarve.ee\/en\/wp-json\/wp\/v2\/pages\/23880\/revisions\/24621"}],"up":[{"embeddable":true,"href":"https:\/\/www.nelijarve.ee\/en\/wp-json\/wp\/v2\/pages\/22163"}],"wp:featuredmedia":[{"embeddable":true,"href":"https:\/\/www.nelijarve.ee\/en\/wp-json\/wp\/v2\/media\/21586"}],"wp:attachment":[{"href":"https:\/\/www.nelijarve.ee\/en\/wp-json\/wp\/v2\/media?parent=23880"}],"curies":[{"name":"wp","href":"https:\/\/api.w.org\/{rel}","templated":true}]}}